{"id":6,"date":"2021-02-27T21:09:59","date_gmt":"2021-02-27T20:09:59","guid":{"rendered":"http:\/\/brico.musin.eu\/?page_id=6"},"modified":"2021-03-02T13:42:38","modified_gmt":"2021-03-02T12:42:38","slug":"a-propos-de","status":"publish","type":"page","link":"https:\/\/brico.musin.eu\/index.php\/a-propos-de\/","title":{"rendered":"\u00c0 propos de"},"content":{"rendered":"\n<div class=\"wp-block-image\"><figure class=\"alignright size-large is-resized\"><img loading=\"lazy\" src=\"https:\/\/brico.musin.eu\/wp-content\/uploads\/2021\/03\/IMG_9943-768x1024.jpg\" alt=\"\" class=\"wp-image-92\" width=\"282\" height=\"375\" srcset=\"https:\/\/brico.musin.eu\/wp-content\/uploads\/2021\/03\/IMG_9943-768x1024.jpg 768w, https:\/\/brico.musin.eu\/wp-content\/uploads\/2021\/03\/IMG_9943-225x300.jpg 225w, https:\/\/brico.musin.eu\/wp-content\/uploads\/2021\/03\/IMG_9943-1152x1536.jpg 1152w, https:\/\/brico.musin.eu\/wp-content\/uploads\/2021\/03\/IMG_9943-1536x2048.jpg 1536w, https:\/\/brico.musin.eu\/wp-content\/uploads\/2021\/03\/IMG_9943-scaled.jpg 1920w\" sizes=\"(max-width: 282px) 100vw, 282px\" \/><figcaption>Celui de droite &#8211; c&rsquo;est moi. Celle de gauche a une page sur instagram<\/figcaption><\/figure><\/div>\n\n\n\n<p>Je suis Eldar et j&rsquo;adore bricoler.<\/p>\n\n\n\n<p class=\"has-text-align-left\">Je crois que je suis tomb\u00e9 dedans quand j&rsquo;\u00e9tais petit. J&rsquo;avais commenc\u00e9 par d\u00e9sosser tous les jouets pour voir comment c&rsquo;est fait. Mais j&rsquo;avais jamais la notice pour les rassembler en un morceau.<\/p>\n\n\n\n<p>C&rsquo;est l\u00e0 que j&rsquo;en ai d\u00e9duis que je ne serais pas un bon m\u00e9decin et je me suis orient\u00e9 vers quelque chose de moins risqu\u00e9. Du coup je suis ing\u00e9nieur et je fabrique des trains. Bon, il y a toujours une responsabilit\u00e9 pour la vie des gens, mais plus difficile \u00e0 d\u00e9montrer devant les juges \ud83d\ude42<\/p>\n\n\n\n<p>Pourquoi je fais ce blog? Car j&rsquo;ai du temps libre. En fait non. Le travail, la famille et les loisirs me prennent tout mon temps. Du coup je dors moins, \u00e7a cogite dans ma t\u00eate et j&rsquo;\u00e9cris.<\/p>\n\n\n\n<p>J\u2019ai un challenge photovolta\u00efque. Je veux que ce soit rentable en mois de 5 ans\u00a0! Quitte \u00e0 ce que cela d\u00e9plaise aux entreprises qui vous promettent une machine \u00e0 sous dans 15 ans.<\/p>\n\n\n\n<p>Il y aura sans doute quelques articles sur la domotique et peut-\u00eatre la ventilation double flux. Mais c&rsquo;est du bonus.<\/p>\n\n\n\n<p>Int\u00e9ress\u00e9s\u00a0? Les alertes sur les mises \u00e0 jour sont disponibles sur Twitter et Telegram (en haut de page), n\u2019h\u00e9sitez pas \u00e0 suivre les deux bots.<\/p>\n","protected":false},"excerpt":{"rendered":"<p>Je suis Eldar et j&rsquo;adore bricoler. Je crois que je suis tomb\u00e9 dedans quand j&rsquo;\u00e9tais petit. J&rsquo;avais commenc\u00e9 par d\u00e9sosser tous les jouets pour voir comment c&rsquo;est fait. Mais j&rsquo;avais jamais la notice pour les rassembler en un morceau. C&rsquo;est l\u00e0 que j&rsquo;en ai d\u00e9duis que je ne serais pas un bon m\u00e9decin et je [&hellip;]<\/p>\n","protected":false},"author":1,"featured_media":0,"parent":0,"menu_order":0,"comment_status":"closed","ping_status":"closed","template":"","meta":[],"_links":{"self":[{"href":"https:\/\/brico.musin.eu\/index.php\/wp-json\/wp\/v2\/pages\/6"}],"collection":[{"href":"https:\/\/brico.musin.eu\/index.php\/wp-json\/wp\/v2\/pages"}],"about":[{"href":"https:\/\/brico.musin.eu\/index.php\/wp-json\/wp\/v2\/types\/page"}],"author":[{"embeddable":true,"href":"https:\/\/brico.musin.eu\/index.php\/wp-json\/wp\/v2\/users\/1"}],"replies":[{"embeddable":true,"href":"https:\/\/brico.musin.eu\/index.php\/wp-json\/wp\/v2\/comments?post=6"}],"version-history":[{"count":3,"href":"https:\/\/brico.musin.eu\/index.php\/wp-json\/wp\/v2\/pages\/6\/revisions"}],"predecessor-version":[{"id":94,"href":"https:\/\/brico.musin.eu\/index.php\/wp-json\/wp\/v2\/pages\/6\/revisions\/94"}],"wp:attachment":[{"href":"https:\/\/brico.musin.eu\/index.php\/wp-json\/wp\/v2\/media?parent=6"}],"curies":[{"name":"wp","href":"https:\/\/api.w.org\/{rel}","templated":true}]}}